{"id":607,"date":"2022-02-06T19:59:48","date_gmt":"2022-02-06T18:59:48","guid":{"rendered":"http:\/\/www.fonyihaz.hu\/?page_id=607"},"modified":"2024-07-21T21:21:54","modified_gmt":"2024-07-21T19:21:54","slug":"bemutatkozas","status":"publish","type":"page","link":"https:\/\/www.fonyihaz.hu\/?page_id=607","title":{"rendered":"Bemutatkoz\u00e1s"},"content":{"rendered":"\n<p><\/p>\n\n\n\n<div class=\"wp-container-6a0716b4153d7 wp-block-group\"><div class=\"wp-block-group__inner-container\">\n<figure class=\"wp-block-gallery has-nested-images columns-default is-cropped\">\n<figure class=\"wp-block-image size-full\"><img loading=\"lazy\" width=\"1080\" height=\"1350\" src=\"http:\/\/www.fonyihaz.hu\/wp-content\/uploads\/2024\/07\/cropped-cropped-szieszta_v3.jpg\" alt=\"\" class=\"wp-image-768\" srcset=\"https:\/\/www.fonyihaz.hu\/wp-content\/uploads\/2024\/07\/cropped-cropped-szieszta_v3.jpg 1080w, https:\/\/www.fonyihaz.hu\/wp-content\/uploads\/2024\/07\/cropped-cropped-szieszta_v3-240x300.jpg 240w, https:\/\/www.fonyihaz.hu\/wp-content\/uploads\/2024\/07\/cropped-cropped-szieszta_v3-819x1024.jpg 819w, https:\/\/www.fonyihaz.hu\/wp-content\/uploads\/2024\/07\/cropped-cropped-szieszta_v3-768x960.jpg 768w\" sizes=\"(max-width: 1080px) 100vw, 1080px\" \/><\/figure>\n<\/figure>\n<\/div><\/div>\n\n\n<p><span><b>Fony<\/b><\/span><span> k\u00f6zs\u00e9g a fest\u0151i sz\u00e9ps\u00e9g\u0171 Zempl\u00e9ni T\u00e1jv\u00e9delmi K\u00f6rzet kapuj\u00e1ban, az orsz\u00e1gos K\u00e9k t\u00fara vonal\u00e1n, a sz\u00e9pen meg\u00fajult reg\u00e9ci v\u00e1rt\u00f3l 6 km- re tal\u00e1lhat\u00f3.<\/span><\/p>\n<p><span>A Szieszta Vend\u00e9gh\u00e1z a falu k\u00f6zpontj\u00e1ban saroktelken helyezkedik el, el\u0151tte a sz\u00e9pen parkos\u00edtott F\u0151 t\u00e9rre l\u00e1tunk. T\u00e1volabb a Gergely-hegyben gy\u00f6ny\u00f6rk\u00f6dhet\u00fcnk. <img loading=\"lazy\" src=\"http:\/\/www.fonyihaz.hu\/wp-content\/uploads\/2022\/02\/Fony-alkonyatkor-225x300.jpg\" alt=\"\" class=\"size-medium wp-image-205 alignright\" width=\"225\" height=\"300\" srcset=\"https:\/\/www.fonyihaz.hu\/wp-content\/uploads\/2022\/02\/Fony-alkonyatkor-225x300.jpg 225w, https:\/\/www.fonyihaz.hu\/wp-content\/uploads\/2022\/02\/Fony-alkonyatkor.jpg 600w\" sizes=\"(max-width: 225px) 100vw, 225px\" \/><\/span><\/p>\n<p><span>Az ide\u00e9rkez\u0151 vend\u00e9geket az \u00e9rintetlen t\u00e1j sz\u00e9ps\u00e9g\u00e9n \u00e9s a j\u00f3 leveg\u0151n t\u00fal csal\u00e1dias, hamis\u00edtatlan falusi k\u00f6rnyezet, csend \u00e9s nyugalom fogadja. \u00cdgy a l\u00e9gz\u0151szervi megbeteged\u00e9sben szenved\u0151k, pihen\u00e9sre, kikapcsol\u00f3d\u00e1sra v\u00e1gy\u00f3k paradicsoma. Csal\u00e1dok, h\u00e1zasp\u00e1rok, bar\u00e1ti t\u00e1rsas\u00e1gok, kisebb di\u00e1kcsoportok jelentkez\u00e9s\u00e9t v\u00e1rjuk.<\/span><\/p>\n<p><span>A h\u00e1rom \u00e9p\u00fclet 5 szob\u00e1val, 4 f\u00fcrd\u0151szob\u00e1val, 3 felszerelt konyh\u00e1val, mini wellnessel rendelkezik.<\/span> <span>Az &#8220;A&#8221; \u00e9p\u00fcletben,- mely 2021-ben teljes fel\u00faj\u00edt\u00e1sra ker\u00fclt-\u00a0 egy modern, mai ig\u00e9nyeknek megfelel\u0151en \u00e1t\u00e9p\u00edtett apartmanok v\u00e1rj\u00e1k a vend\u00e9geket.<\/span><\/p>\n<p><span>Az A\/1 apartman 2 egym\u00e1sba ny\u00edl\u00f3 szob\u00e1val (h\u00e1l\u00f3ban francia \u00e1gy+\u00a01 \u00e1gy), nappaliban egy \u00e1gyazhat\u00f3 sarokgarnit\u00fara\u00a0+ nyithat\u00f3 kanap\u00e9. Ehhez felszerelt konyha \u00e9s f\u00fcrd\u0151szoba tartozik.<\/span> <span>Az A\/2. apartman -1 db francia \u00e1gy\u00a0+ egy nyithat\u00f3 kanap\u00e9 van.<\/span> <span>A f\u0171t\u00e9s az 1. apartman konyh\u00e1j\u00e1ban tal\u00e1lhat\u00f3 vizes kandall\u00f3val, melyre radi\u00e1torok vannak kapcsolva.<\/span> <span>Ebben az \u00e9p\u00fcletben tal\u00e1lhat\u00f3 mini wellness:\u00a0finn szauna \u00e9s \u00fcvegsz\u00e1lbet\u00e9tes d\u00e9zsaf\u00fcrd\u0151 szolg\u00e1lja a fel\u00fcd\u00fcl\u00e9st.<\/span><\/p>\n<p><span>A &#8220;B &#8221; \u00e9p\u00fcletben egy 4 \u00e1gyas szoba, t\u00e1gas \u00e9tkez\u0151 -t\u00e1rsalg\u00f3, f\u00fcrd\u0151szoba tal\u00e1lhat\u00f3.<\/span> <span>A kertben, romantikus k\u00f6rnyezetben 4 szem\u00e9lyes jakuzzi k\u00e9nyezteti a vend\u00e9geket.<\/span> <span>Az udvar szabadt\u00e9ri\u00a0j\u00e1t\u00e9kokra alkalmas. (hinta, homokoz\u00f3, \u00e9p\u00edtett szalonnas\u00fct\u0151 hely, grillez\u0151, kerti b\u00fatorok). Ebben az \u00e9p\u00fcletben t\u00e1gas \u00e9tkez\u0151-t\u00e1rsalg\u00f3 kisebb rendezv\u00e9nyek lebonyol\u00edt\u00e1s\u00e1ra is alkalmas.<\/span> <a name=\"_GoBack\"><\/a><\/p>\n<p><span>A \u201eC\u201d \u00e9p\u00fclet 4 \u00e1gyas, zuhanyz\u00f3val \u00e9s teakonyh\u00e1val rendelkezik.<\/span><\/p>\n<p><span>Programaj\u00e1nlat: Erdei t\u00far\u00e1k, Reg\u00e9ci v\u00e1r (6km), Boldogk\u0151 v\u00e1ra (10 km), Vizsoly K\u00e1rolyi Biblia (8km), Holl\u00f3h\u00e1za Porcel\u00e1nm\u00fazeum (30 km), G\u00f6nc Huszita H\u00e1z (20 km), S\u00e1rospatak-V\u00e9gard\u00f3 term\u00e1lf\u00fcrd\u0151 (40 km), Kassa (43 km)<\/span> <span>A Felvid\u00e9ket megismerni v\u00e1gy\u00f3k 3-4 nap alatt bebarangolhatj\u00e1k a t\u00e1jat.\u00a0<\/span><\/p>\n<p><strong>4 feln\u0151tt \u00e9s 4 gyermek ker\u00e9kp\u00e1r k\u00f6lcs\u00f6n\u00f6zhet\u0151 &#8211; lehet ker\u00e9kp\u00e1r t\u00far\u00e1kat tenni.<\/strong><\/p>\n<p><span>Szeretettel v\u00e1rjuk kedves vend\u00e9geinket!<\/span><\/p>\n<p style=\"text-align: center;\"><span><i>B\u00e1rczi L\u00e1szl\u00f3n\u00e9<\/i><\/span><span> \u00fczletvezet\u0151<\/span><\/p>\n<p style=\"text-align: center;\">\u201e<span><i>22 \u00e9ve a vend\u00e9gek szolg\u00e1lat\u00e1ban\u201d<\/i><\/span><\/p>\n<hr \/>\n<h5>Szieszta Vend\u00e9gh\u00e1z<br \/>3893 Fony<br \/>F\u0151 \u00fat 1<br \/>Tel: 0620-9763-345; 0630-2822-907<br \/>e-mail:<span style=\"color: #008080;\"> \u00a0<a href=\"mailto:barcziautosiskola@gmail.com\" target=\"_blank\" rel=\"noopener\">barcziautosiskola@gmail.com<\/a><br \/><\/span><\/h5>\n\n\n<iframe src=\"https:\/\/www.google.com\/maps\/embed?pb=!1m18!1m12!1m3!1d2649.3982505258905!2d21.280858615750915!3d48.39129467924451!2m3!1f0!2f0!3f0!3m2!1i1024!2i768!4f13.1!3m3!1m2!1s0x473f37785fd6d3c3%3A0xcbbc79b6d7ca7934!2zRm9ueSwgRsWRIMO6dCAxLCAzODkz!5e0!3m2!1shu!2shu!4v1644175945395!5m2!1shu!2shu\" style=\"border:0;\" allowfullscreen=\"\" loading=\"lazy\" width=\"600\" height=\"450\"><\/iframe>\n","protected":false},"excerpt":{"rendered":"<p>Fony k\u00f6zs\u00e9g a fest\u0151i sz\u00e9ps\u00e9g\u0171 Zempl\u00e9ni T\u00e1jv\u00e9delmi K\u00f6rzet kapuj\u00e1ban, az orsz\u00e1gos K\u00e9k t\u00fara vonal\u00e1n, a sz\u00e9pen meg\u00fajult reg\u00e9ci v\u00e1rt\u00f3l 6 km- re tal\u00e1lhat\u00f3. A Szieszta Vend\u00e9gh\u00e1z a falu k\u00f6zpontj\u00e1ban saroktelken helyezkedik el, el\u0151tte a sz\u00e9pen parkos\u00edtott F\u0151 t\u00e9rre l\u00e1tunk. T\u00e1volabb a Gergely-hegyben gy\u00f6ny\u00f6rk\u00f6dhet\u00fcnk. Az ide\u00e9rkez\u0151 vend\u00e9geket az \u00e9rintetlen t\u00e1j sz\u00e9ps\u00e9g\u00e9n [&hellip;]<\/p>\n","protected":false},"author":1,"featured_media":0,"parent":0,"menu_order":0,"comment_status":"closed","ping_status":"closed","template":"page-templates\/template-fullwidth.php","meta":[],"_links":{"self":[{"href":"https:\/\/www.fonyihaz.hu\/index.php?rest_route=\/wp\/v2\/pages\/607"}],"collection":[{"href":"https:\/\/www.fonyihaz.hu\/index.php?rest_route=\/wp\/v2\/pages"}],"about":[{"href":"https:\/\/www.fonyihaz.hu\/index.php?rest_route=\/wp\/v2\/types\/page"}],"author":[{"embeddable":true,"href":"https:\/\/www.fonyihaz.hu\/index.php?rest_route=\/wp\/v2\/users\/1"}],"replies":[{"embeddable":true,"href":"https:\/\/www.fonyihaz.hu\/index.php?rest_route=%2Fwp%2Fv2%2Fcomments&post=607"}],"version-history":[{"count":4,"href":"https:\/\/www.fonyihaz.hu\/index.php?rest_route=\/wp\/v2\/pages\/607\/revisions"}],"predecessor-version":[{"id":778,"href":"https:\/\/www.fonyihaz.hu\/index.php?rest_route=\/wp\/v2\/pages\/607\/revisions\/778"}],"wp:attachment":[{"href":"https:\/\/www.fonyihaz.hu\/index.php?rest_route=%2Fwp%2Fv2%2Fmedia&parent=607"}],"curies":[{"name":"wp","href":"https:\/\/api.w.org\/{rel}","templated":true}]}}