{"id":32,"date":"2022-02-01T17:33:40","date_gmt":"2022-02-01T16:33:40","guid":{"rendered":"http:\/\/www.fonyihaz.hu\/?page_id=32"},"modified":"2023-06-11T10:38:22","modified_gmt":"2023-06-11T08:38:22","slug":"galeria","status":"publish","type":"page","link":"https:\/\/www.fonyihaz.hu\/?page_id=32","title":{"rendered":"Gal\u00e9ria"},"content":{"rendered":"\n<hr class=\"wp-block-separator is-style-default\"\/>\n\n\n\n<div class=\"wp-block-columns\">\n<div class=\"wp-block-column\" style=\"flex-basis:33.33%\">\n<p class=\"has-text-align-center has-large-font-size\"><strong>Panzi\u00f3<\/strong><\/p>\n\n\n\n<div class=\"wp-block-columns are-vertically-aligned-bottom\">\n<div class=\"wp-block-column is-vertically-aligned-bottom\" style=\"flex-basis:100%\">\n<div class=\"wp-block-cover is-light\"><span aria-hidden=\"true\" class=\"has-background-dim-0 wp-block-cover__gradient-background has-background-dim\"><\/span><img loading=\"lazy\" width=\"900\" height=\"601\" class=\"wp-block-cover__image-background wp-image-201\" alt=\"\" src=\"http:\/\/www.fonyihaz.hu\/wp-content\/uploads\/2022\/02\/cropped-epulet1-udvari-homlokzat-02-900x600-1.jpg\" data-object-fit=\"cover\" srcset=\"https:\/\/www.fonyihaz.hu\/wp-content\/uploads\/2022\/02\/cropped-epulet1-udvari-homlokzat-02-900x600-1.jpg 900w, https:\/\/www.fonyihaz.hu\/wp-content\/uploads\/2022\/02\/cropped-epulet1-udvari-homlokzat-02-900x600-1-300x200.jpg 300w, https:\/\/www.fonyihaz.hu\/wp-content\/uploads\/2022\/02\/cropped-epulet1-udvari-homlokzat-02-900x600-1-768x513.jpg 768w, https:\/\/www.fonyihaz.hu\/wp-content\/uploads\/2022\/02\/cropped-epulet1-udvari-homlokzat-02-900x600-1-449x300.jpg 449w\" sizes=\"(max-width: 900px) 100vw, 900px\" \/><div class=\"wp-block-cover__inner-container\">\n<p class=\"has-text-align-center has-large-font-size\"><\/p>\n<\/div><\/div>\n<\/div>\n<\/div>\n<\/div>\n\n\n\n<div class=\"wp-block-column\" style=\"flex-basis:50%\">\n<div class=\"wp-block-responsive-lightbox-gallery\"><div class=\"rl-gallery-container rl-loading\" id=\"rl-gallery-container-1\" data-gallery_id=\"229\"> <div class=\"rl-gallery rl-basicgrid-gallery rl-hover-icon-7\" id=\"rl-gallery-1\" data-gallery_no=\"1\"> <div class=\"rl-gallery-item\"><a href=\"https:\/\/www.fonyihaz.hu\/wp-content\/uploads\/2022\/02\/cropped-epulet1-udvar2-01-1920x1280-1-1024x683.jpg\" title=\"\" data-rl_title=\"\" class=\"rl-gallery-link\" data-rl_caption=\"\" data-rel=\"lightbox-gallery-1\" data-magnific_type=\"gallery\"><img src=\"https:\/\/www.fonyihaz.hu\/wp-content\/uploads\/2022\/02\/cropped-epulet1-udvar2-01-1920x1280-1-300x200.jpg\" width=\"300\" height=\"200\" \/><\/a><\/div><div class=\"rl-gallery-item\"><a href=\"https:\/\/www.fonyihaz.hu\/wp-content\/uploads\/2022\/02\/epulet-terasz-02-900x600-1.jpg\" title=\"\" data-rl_title=\"\" class=\"rl-gallery-link\" data-rl_caption=\"\" data-rel=\"lightbox-gallery-1\" data-magnific_type=\"gallery\"><img src=\"https:\/\/www.fonyihaz.hu\/wp-content\/uploads\/2022\/02\/epulet-terasz-02-900x600-1-300x200.jpg\" width=\"300\" height=\"200\" \/><\/a><\/div><div class=\"rl-gallery-item\"><a href=\"https:\/\/www.fonyihaz.hu\/wp-content\/uploads\/2022\/02\/epulet1-terasz-01-900x600-1.jpg\" title=\"\" data-rl_title=\"\" class=\"rl-gallery-link\" data-rl_caption=\"\" data-rel=\"lightbox-gallery-1\" data-magnific_type=\"gallery\"><img src=\"https:\/\/www.fonyihaz.hu\/wp-content\/uploads\/2022\/02\/epulet1-terasz-01-900x600-1-300x200.jpg\" width=\"300\" height=\"200\" \/><\/a><\/div><div class=\"rl-gallery-item\"><a href=\"https:\/\/www.fonyihaz.hu\/wp-content\/uploads\/2022\/02\/epulet1-szoba2-02-900x600-1.jpg\" title=\"\" data-rl_title=\"\" class=\"rl-gallery-link\" data-rl_caption=\"\" data-rel=\"lightbox-gallery-1\" data-magnific_type=\"gallery\"><img src=\"https:\/\/www.fonyihaz.hu\/wp-content\/uploads\/2022\/02\/epulet1-szoba2-02-900x600-1-300x200.jpg\" width=\"300\" height=\"200\" \/><\/a><\/div><div class=\"rl-gallery-item\"><a href=\"https:\/\/www.fonyihaz.hu\/wp-content\/uploads\/2022\/02\/epulet1-szoba2-01-900x600-1.jpg\" title=\"\" data-rl_title=\"\" class=\"rl-gallery-link\" data-rl_caption=\"\" data-rel=\"lightbox-gallery-1\" data-magnific_type=\"gallery\"><img src=\"https:\/\/www.fonyihaz.hu\/wp-content\/uploads\/2022\/02\/epulet1-szoba2-01-900x600-1-300x200.jpg\" width=\"300\" height=\"200\" \/><\/a><\/div><div class=\"rl-gallery-item\"><a href=\"https:\/\/www.fonyihaz.hu\/wp-content\/uploads\/2022\/02\/epulet1-szoba1-02-900x600-1.jpg\" title=\"\" data-rl_title=\"\" class=\"rl-gallery-link\" data-rl_caption=\"\" data-rel=\"lightbox-gallery-1\" data-magnific_type=\"gallery\"><img src=\"https:\/\/www.fonyihaz.hu\/wp-content\/uploads\/2022\/02\/epulet1-szoba1-02-900x600-1-300x200.jpg\" width=\"300\" height=\"200\" \/><\/a><\/div><div class=\"rl-gallery-item\"><a href=\"https:\/\/www.fonyihaz.hu\/wp-content\/uploads\/2022\/02\/epulet1-szoba1-03-900x600-1.jpg\" title=\"\" data-rl_title=\"\" class=\"rl-gallery-link\" data-rl_caption=\"\" data-rel=\"lightbox-gallery-1\" data-magnific_type=\"gallery\"><img src=\"https:\/\/www.fonyihaz.hu\/wp-content\/uploads\/2022\/02\/epulet1-szoba1-03-900x600-1-300x200.jpg\" width=\"300\" height=\"200\" \/><\/a><\/div><div class=\"rl-gallery-item\"><a href=\"https:\/\/www.fonyihaz.hu\/wp-content\/uploads\/2022\/02\/epulet1-wellnes-02-900x600-1.jpg\" title=\"\" data-rl_title=\"\" class=\"rl-gallery-link\" data-rl_caption=\"\" data-rel=\"lightbox-gallery-1\" data-magnific_type=\"gallery\"><img src=\"https:\/\/www.fonyihaz.hu\/wp-content\/uploads\/2022\/02\/epulet1-wellnes-02-900x600-1-300x200.jpg\" width=\"300\" height=\"200\" \/><\/a><\/div><div class=\"rl-gallery-item\"><a href=\"https:\/\/www.fonyihaz.hu\/wp-content\/uploads\/2022\/02\/epulet1-konyha2-01-900x600-1.jpg\" title=\"\" data-rl_title=\"\" class=\"rl-gallery-link\" data-rl_caption=\"\" data-rel=\"lightbox-gallery-1\" data-magnific_type=\"gallery\"><img src=\"https:\/\/www.fonyihaz.hu\/wp-content\/uploads\/2022\/02\/epulet1-konyha2-01-900x600-1-300x200.jpg\" width=\"300\" height=\"200\" \/><\/a><\/div><div class=\"rl-gallery-item\"><a href=\"https:\/\/www.fonyihaz.hu\/wp-content\/uploads\/2022\/02\/epulet1-konyha1-01-900x600-1.jpg\" title=\"\" data-rl_title=\"\" class=\"rl-gallery-link\" data-rl_caption=\"\" data-rel=\"lightbox-gallery-1\" data-magnific_type=\"gallery\"><img src=\"https:\/\/www.fonyihaz.hu\/wp-content\/uploads\/2022\/02\/epulet1-konyha1-01-900x600-1-300x200.jpg\" width=\"300\" height=\"200\" \/><\/a><\/div><div class=\"rl-gallery-item\"><a href=\"https:\/\/www.fonyihaz.hu\/wp-content\/uploads\/2022\/02\/epulet1-furdo1-01-400x600-1.jpg\" title=\"\" data-rl_title=\"\" class=\"rl-gallery-link\" data-rl_caption=\"\" data-rel=\"lightbox-gallery-1\" data-magnific_type=\"gallery\"><img src=\"https:\/\/www.fonyihaz.hu\/wp-content\/uploads\/2022\/02\/epulet1-furdo1-01-400x600-1-200x300.jpg\" width=\"200\" height=\"300\" \/><\/a><\/div><div class=\"rl-gallery-item\"><a href=\"https:\/\/www.fonyihaz.hu\/wp-content\/uploads\/2022\/02\/epulet1-furdo2-01-400x600-1.jpg\" title=\"\" data-rl_title=\"\" class=\"rl-gallery-link\" data-rl_caption=\"\" data-rel=\"lightbox-gallery-1\" data-magnific_type=\"gallery\"><img src=\"https:\/\/www.fonyihaz.hu\/wp-content\/uploads\/2022\/02\/epulet1-furdo2-01-400x600-1-200x300.jpg\" width=\"200\" height=\"300\" \/><\/a><\/div><div class=\"rl-gallery-item\"><a href=\"https:\/\/www.fonyihaz.hu\/wp-content\/uploads\/2023\/06\/epulet1-konyha1-02-400x450-1.jpg\" title=\"\" data-rl_title=\"\" class=\"rl-gallery-link\" data-rl_caption=\"\" data-rel=\"lightbox-gallery-1\" data-magnific_type=\"gallery\"><img src=\"https:\/\/www.fonyihaz.hu\/wp-content\/uploads\/2023\/06\/epulet1-konyha1-02-400x450-1-225x300.jpg\" width=\"225\" height=\"300\" \/><\/a><\/div><div class=\"rl-gallery-item\"><a href=\"https:\/\/www.fonyihaz.hu\/wp-content\/uploads\/2023\/06\/epulet1-szoba1-03-450x600-1.jpg\" title=\"\" data-rl_title=\"\" class=\"rl-gallery-link\" data-rl_caption=\"\" data-rel=\"lightbox-gallery-1\" data-magnific_type=\"gallery\"><img src=\"https:\/\/www.fonyihaz.hu\/wp-content\/uploads\/2023\/06\/epulet1-szoba1-03-450x600-1-225x300.jpg\" width=\"225\" height=\"300\" \/><\/a><\/div><div class=\"rl-gallery-item\"><a href=\"https:\/\/www.fonyihaz.hu\/wp-content\/uploads\/2023\/06\/epulet1-szoba2-02-450x600-1.jpg\" title=\"\" data-rl_title=\"\" class=\"rl-gallery-link\" data-rl_caption=\"\" data-rel=\"lightbox-gallery-1\" data-magnific_type=\"gallery\"><img src=\"https:\/\/www.fonyihaz.hu\/wp-content\/uploads\/2023\/06\/epulet1-szoba2-02-450x600-1-225x300.jpg\" width=\"225\" height=\"300\" \/><\/a><\/div><div class=\"rl-gallery-item\"><a href=\"https:\/\/www.fonyihaz.hu\/wp-content\/uploads\/2023\/06\/epulet1-szoba3-01-450x600-1.jpg\" title=\"\" data-rl_title=\"\" class=\"rl-gallery-link\" data-rl_caption=\"\" data-rel=\"lightbox-gallery-1\" data-magnific_type=\"gallery\"><img src=\"https:\/\/www.fonyihaz.hu\/wp-content\/uploads\/2023\/06\/epulet1-szoba3-01-450x600-1-225x300.jpg\" width=\"225\" height=\"300\" \/><\/a><\/div><div class=\"rl-gallery-item\"><a href=\"https:\/\/www.fonyihaz.hu\/wp-content\/uploads\/2023\/06\/epulet1-szoba3-02-450x600-1.jpg\" title=\"\" data-rl_title=\"\" class=\"rl-gallery-link\" data-rl_caption=\"\" data-rel=\"lightbox-gallery-1\" data-magnific_type=\"gallery\"><img src=\"https:\/\/www.fonyihaz.hu\/wp-content\/uploads\/2023\/06\/epulet1-szoba3-02-450x600-1-225x300.jpg\" width=\"225\" height=\"300\" \/><\/a><\/div><div class=\"rl-gallery-item\"><a href=\"https:\/\/www.fonyihaz.hu\/wp-content\/uploads\/2023\/06\/epulet2-szoba1-01-450x600-1.jpg\" title=\"\" data-rl_title=\"\" class=\"rl-gallery-link\" data-rl_caption=\"\" data-rel=\"lightbox-gallery-1\" data-magnific_type=\"gallery\"><img src=\"https:\/\/www.fonyihaz.hu\/wp-content\/uploads\/2023\/06\/epulet2-szoba1-01-450x600-1-225x300.jpg\" width=\"225\" height=\"300\" \/><\/a><\/div><div class=\"rl-gallery-item\"><a href=\"https:\/\/www.fonyihaz.hu\/wp-content\/uploads\/2023\/06\/epulet2-szoba1-02-450x600-1.jpg\" title=\"\" data-rl_title=\"\" class=\"rl-gallery-link\" data-rl_caption=\"\" data-rel=\"lightbox-gallery-1\" data-magnific_type=\"gallery\"><img src=\"https:\/\/www.fonyihaz.hu\/wp-content\/uploads\/2023\/06\/epulet2-szoba1-02-450x600-1-225x300.jpg\" width=\"225\" height=\"300\" \/><\/a><\/div> <\/div> <\/div><\/div>\n<\/div>\n<\/div>\n\n\n\n<hr class=\"wp-block-separator\"\/>\n\n\n\n<p><\/p>\n\n\n\n<div class=\"wp-block-columns\">\n<div class=\"wp-block-column\" style=\"flex-basis:50%\">\n<div class=\"wp-block-responsive-lightbox-gallery\"><div class=\"rl-gallery-container rl-loading\" id=\"rl-gallery-container-2\" data-gallery_id=\"249\"> <div class=\"rl-gallery rl-basicgrid-gallery rl-hover-effect-1\" id=\"rl-gallery-2\" data-gallery_no=\"2\"> <div class=\"rl-gallery-item\"><a href=\"https:\/\/www.fonyihaz.hu\/wp-content\/uploads\/2022\/02\/etterem-kandallo-02-900x600-1.jpg\" title=\"\" data-rl_title=\"\" class=\"rl-gallery-link\" data-rl_caption=\"\" data-rel=\"lightbox-gallery-2\" data-magnific_type=\"gallery\"><img src=\"https:\/\/www.fonyihaz.hu\/wp-content\/uploads\/2022\/02\/etterem-kandallo-02-900x600-1-300x200.jpg\" width=\"300\" height=\"200\" \/><\/a><\/div><div class=\"rl-gallery-item\"><a href=\"https:\/\/www.fonyihaz.hu\/wp-content\/uploads\/2022\/02\/etterem-kandallo-01-900x600-1.jpg\" title=\"\" data-rl_title=\"\" class=\"rl-gallery-link\" data-rl_caption=\"\" data-rel=\"lightbox-gallery-2\" data-magnific_type=\"gallery\"><img src=\"https:\/\/www.fonyihaz.hu\/wp-content\/uploads\/2022\/02\/etterem-kandallo-01-900x600-1-300x200.jpg\" width=\"300\" height=\"200\" \/><\/a><\/div><div class=\"rl-gallery-item\"><a href=\"https:\/\/www.fonyihaz.hu\/wp-content\/uploads\/2022\/02\/etterem-06-900x600-1.jpg\" title=\"\" data-rl_title=\"\" class=\"rl-gallery-link\" data-rl_caption=\"\" data-rel=\"lightbox-gallery-2\" data-magnific_type=\"gallery\"><img src=\"https:\/\/www.fonyihaz.hu\/wp-content\/uploads\/2022\/02\/etterem-06-900x600-1-300x200.jpg\" width=\"300\" height=\"200\" \/><\/a><\/div><div class=\"rl-gallery-item\"><a href=\"https:\/\/www.fonyihaz.hu\/wp-content\/uploads\/2022\/02\/etterem-05-900x600-1.jpg\" title=\"\" data-rl_title=\"\" class=\"rl-gallery-link\" data-rl_caption=\"\" data-rel=\"lightbox-gallery-2\" data-magnific_type=\"gallery\"><img src=\"https:\/\/www.fonyihaz.hu\/wp-content\/uploads\/2022\/02\/etterem-05-900x600-1-300x200.jpg\" width=\"300\" height=\"200\" \/><\/a><\/div><div class=\"rl-gallery-item\"><a href=\"https:\/\/www.fonyihaz.hu\/wp-content\/uploads\/2022\/02\/etterem-04-900x600-1.jpg\" title=\"\" data-rl_title=\"\" class=\"rl-gallery-link\" data-rl_caption=\"\" data-rel=\"lightbox-gallery-2\" data-magnific_type=\"gallery\"><img src=\"https:\/\/www.fonyihaz.hu\/wp-content\/uploads\/2022\/02\/etterem-04-900x600-1-300x200.jpg\" width=\"300\" height=\"200\" \/><\/a><\/div><div class=\"rl-gallery-item\"><a href=\"https:\/\/www.fonyihaz.hu\/wp-content\/uploads\/2022\/02\/etterem-03-900x600-1.jpg\" title=\"\" data-rl_title=\"\" class=\"rl-gallery-link\" data-rl_caption=\"\" data-rel=\"lightbox-gallery-2\" data-magnific_type=\"gallery\"><img src=\"https:\/\/www.fonyihaz.hu\/wp-content\/uploads\/2022\/02\/etterem-03-900x600-1-300x200.jpg\" width=\"300\" height=\"200\" \/><\/a><\/div><div class=\"rl-gallery-item\"><a href=\"https:\/\/www.fonyihaz.hu\/wp-content\/uploads\/2022\/02\/etterem-02-900x600-1.jpg\" title=\"\" data-rl_title=\"\" class=\"rl-gallery-link\" data-rl_caption=\"\" data-rel=\"lightbox-gallery-2\" data-magnific_type=\"gallery\"><img src=\"https:\/\/www.fonyihaz.hu\/wp-content\/uploads\/2022\/02\/etterem-02-900x600-1-300x200.jpg\" width=\"300\" height=\"200\" \/><\/a><\/div><div class=\"rl-gallery-item\"><a href=\"https:\/\/www.fonyihaz.hu\/wp-content\/uploads\/2022\/02\/etterem-01-900x600-1.jpg\" title=\"\" data-rl_title=\"\" class=\"rl-gallery-link\" data-rl_caption=\"\" data-rel=\"lightbox-gallery-2\" data-magnific_type=\"gallery\"><img src=\"https:\/\/www.fonyihaz.hu\/wp-content\/uploads\/2022\/02\/etterem-01-900x600-1-300x200.jpg\" width=\"300\" height=\"200\" \/><\/a><\/div><div class=\"rl-gallery-item\"><a href=\"https:\/\/www.fonyihaz.hu\/wp-content\/uploads\/2022\/02\/etterem-furdo-02-400x600-1.jpg\" title=\"\" data-rl_title=\"\" class=\"rl-gallery-link\" data-rl_caption=\"\" data-rel=\"lightbox-gallery-2\" data-magnific_type=\"gallery\"><img src=\"https:\/\/www.fonyihaz.hu\/wp-content\/uploads\/2022\/02\/etterem-furdo-02-400x600-1-200x300.jpg\" width=\"200\" height=\"300\" \/><\/a><\/div><div class=\"rl-gallery-item\"><a href=\"https:\/\/www.fonyihaz.hu\/wp-content\/uploads\/2022\/02\/etterem-furdo-01-400x600-1.jpg\" title=\"\" data-rl_title=\"\" class=\"rl-gallery-link\" data-rl_caption=\"\" data-rel=\"lightbox-gallery-2\" data-magnific_type=\"gallery\"><img src=\"https:\/\/www.fonyihaz.hu\/wp-content\/uploads\/2022\/02\/etterem-furdo-01-400x600-1-200x300.jpg\" width=\"200\" height=\"300\" \/><\/a><\/div> <\/div> <\/div><\/div>\n<\/div>\n\n\n\n<div class=\"wp-block-column\">\n<p class=\"has-text-align-center has-large-font-size\"><strong>\u00c9tterem<\/strong><\/p>\n\n\n\n<div class=\"wp-block-cover is-light\"><span aria-hidden=\"true\" class=\"has-background-dim-0 wp-block-cover__gradient-background has-background-dim\"><\/span><img loading=\"lazy\" width=\"900\" height=\"600\" class=\"wp-block-cover__image-background wp-image-187\" alt=\"\u00c9tterem\" src=\"http:\/\/www.fonyihaz.hu\/wp-content\/uploads\/2022\/02\/etterem-01-900x600-1.jpg\" data-object-fit=\"cover\" srcset=\"https:\/\/www.fonyihaz.hu\/wp-content\/uploads\/2022\/02\/etterem-01-900x600-1.jpg 900w, https:\/\/www.fonyihaz.hu\/wp-content\/uploads\/2022\/02\/etterem-01-900x600-1-300x200.jpg 300w, https:\/\/www.fonyihaz.hu\/wp-content\/uploads\/2022\/02\/etterem-01-900x600-1-768x512.jpg 768w, https:\/\/www.fonyihaz.hu\/wp-content\/uploads\/2022\/02\/etterem-01-900x600-1-450x300.jpg 450w\" sizes=\"(max-width: 900px) 100vw, 900px\" \/><div class=\"wp-block-cover__inner-container\">\n<p class=\"has-text-align-center has-large-font-size\"><\/p>\n<\/div><\/div>\n<\/div>\n<\/div>\n\n\n\n<p><\/p>\n\n\n\n<p><\/p>\n\n\n\n<p><\/p>\n\n\n\n<hr class=\"wp-block-separator\"\/>\n\n\n\n<div class=\"wp-block-columns\">\n<div class=\"wp-block-column\">\n<p class=\"has-text-align-center has-large-font-size\"><strong>Udvar<\/strong><\/p>\n\n\n\n<div class=\"wp-block-cover is-light\"><span aria-hidden=\"true\" class=\"has-background-dim-0 wp-block-cover__gradient-background has-background-dim\"><\/span><img loading=\"lazy\" width=\"900\" height=\"601\" class=\"wp-block-cover__image-background wp-image-170\" alt=\"\" src=\"http:\/\/www.fonyihaz.hu\/wp-content\/uploads\/2022\/02\/bejarat-udvar-01-900x600-1.jpg\" data-object-fit=\"cover\" srcset=\"https:\/\/www.fonyihaz.hu\/wp-content\/uploads\/2022\/02\/bejarat-udvar-01-900x600-1.jpg 900w, https:\/\/www.fonyihaz.hu\/wp-content\/uploads\/2022\/02\/bejarat-udvar-01-900x600-1-300x200.jpg 300w, https:\/\/www.fonyihaz.hu\/wp-content\/uploads\/2022\/02\/bejarat-udvar-01-900x600-1-768x513.jpg 768w, https:\/\/www.fonyihaz.hu\/wp-content\/uploads\/2022\/02\/bejarat-udvar-01-900x600-1-449x300.jpg 449w\" sizes=\"(max-width: 900px) 100vw, 900px\" \/><div class=\"wp-block-cover__inner-container\">\n<p class=\"has-text-align-center has-large-font-size\"><\/p>\n<\/div><\/div>\n<\/div>\n\n\n\n<div class=\"wp-block-column\" style=\"flex-basis:50%\">\n<div class=\"wp-block-responsive-lightbox-gallery\"><div class=\"rl-gallery-container rl-loading\" id=\"rl-gallery-container-3\" data-gallery_id=\"305\"> <div class=\"rl-gallery rl-basicgrid-gallery rl-hover-effect-9 rl-hover-icon-7\" id=\"rl-gallery-3\" data-gallery_no=\"3\"> <div class=\"rl-gallery-item\"><a href=\"https:\/\/www.fonyihaz.hu\/wp-content\/uploads\/2022\/02\/wellnes-kinti-01-900x600-1.jpg\" title=\"\" data-rl_title=\"\" class=\"rl-gallery-link\" data-rl_caption=\"\" data-rel=\"lightbox-gallery-3\" data-magnific_type=\"gallery\"><img src=\"https:\/\/www.fonyihaz.hu\/wp-content\/uploads\/2022\/02\/wellnes-kinti-01-900x600-1-300x200.jpg\" width=\"300\" height=\"200\" \/><\/a><\/div><div class=\"rl-gallery-item\"><a href=\"https:\/\/www.fonyihaz.hu\/wp-content\/uploads\/2022\/02\/bejarat-udvar-01-900x600-1.jpg\" title=\"\" data-rl_title=\"\" class=\"rl-gallery-link\" data-rl_caption=\"\" data-rel=\"lightbox-gallery-3\" data-magnific_type=\"gallery\"><img src=\"https:\/\/www.fonyihaz.hu\/wp-content\/uploads\/2022\/02\/bejarat-udvar-01-900x600-1-300x200.jpg\" width=\"300\" height=\"200\" \/><\/a><\/div><div class=\"rl-gallery-item\"><a href=\"https:\/\/www.fonyihaz.hu\/wp-content\/uploads\/2022\/02\/oreghaz-01-900x600-1.jpg\" title=\"\" data-rl_title=\"\" class=\"rl-gallery-link\" data-rl_caption=\"\" data-rel=\"lightbox-gallery-3\" data-magnific_type=\"gallery\"><img src=\"https:\/\/www.fonyihaz.hu\/wp-content\/uploads\/2022\/02\/oreghaz-01-900x600-1-300x200.jpg\" width=\"300\" height=\"200\" \/><\/a><\/div><div class=\"rl-gallery-item\"><a href=\"https:\/\/www.fonyihaz.hu\/wp-content\/uploads\/2022\/02\/grill-01-900x600-1.jpg\" title=\"\" data-rl_title=\"\" class=\"rl-gallery-link\" data-rl_caption=\"\" data-rel=\"lightbox-gallery-3\" data-magnific_type=\"gallery\"><img src=\"https:\/\/www.fonyihaz.hu\/wp-content\/uploads\/2022\/02\/grill-01-900x600-1-300x200.jpg\" width=\"300\" height=\"200\" \/><\/a><\/div><div class=\"rl-gallery-item\"><a href=\"https:\/\/www.fonyihaz.hu\/wp-content\/uploads\/2022\/02\/viragdekor-01-900x600-1.jpg\" title=\"\" data-rl_title=\"\" class=\"rl-gallery-link\" data-rl_caption=\"\" data-rel=\"lightbox-gallery-3\" data-magnific_type=\"gallery\"><img src=\"https:\/\/www.fonyihaz.hu\/wp-content\/uploads\/2022\/02\/viragdekor-01-900x600-1-300x200.jpg\" width=\"300\" height=\"200\" \/><\/a><\/div> <\/div> <\/div><\/div>\n<\/div>\n<\/div>\n\n\n\n<hr class=\"wp-block-separator\"\/>\n\n\n\n<div class=\"wp-block-columns\">\n<div class=\"wp-block-column\" style=\"flex-basis:50%\">\n<div class=\"wp-container-69e9e56ea9819 wp-block-group\"><div class=\"wp-block-group__inner-container\">\n<div class=\"wp-block-responsive-lightbox-gallery\"><div class=\"rl-gallery-container rl-loading\" id=\"rl-gallery-container-4\" data-gallery_id=\"749\"> <div class=\"rl-gallery rl-basicgrid-gallery \" id=\"rl-gallery-4\" data-gallery_no=\"4\"> <div class=\"rl-gallery-item\"><a href=\"https:\/\/www.fonyihaz.hu\/wp-content\/uploads\/2023\/06\/Fonyi-alkonyat-01-1035x1362-1.jpg\" title=\"\" data-rl_title=\"\" class=\"rl-gallery-link\" data-rl_caption=\"\" data-rel=\"lightbox-gallery-4\" data-magnific_type=\"gallery\"><img src=\"https:\/\/www.fonyihaz.hu\/wp-content\/uploads\/2023\/06\/Fonyi-alkonyat-01-1035x1362-1-228x300.jpg\" width=\"228\" height=\"300\" \/><\/a><\/div><div class=\"rl-gallery-item\"><a href=\"https:\/\/www.fonyihaz.hu\/wp-content\/uploads\/2023\/06\/Fony-templom-01-450x600-1.jpg\" title=\"\" data-rl_title=\"\" class=\"rl-gallery-link\" data-rl_caption=\"\" data-rel=\"lightbox-gallery-4\" data-magnific_type=\"gallery\"><img src=\"https:\/\/www.fonyihaz.hu\/wp-content\/uploads\/2023\/06\/Fony-templom-01-450x600-1-225x300.jpg\" width=\"225\" height=\"300\" \/><\/a><\/div><div class=\"rl-gallery-item\"><a href=\"https:\/\/www.fonyihaz.hu\/wp-content\/uploads\/2023\/06\/Fony-szinpad-01-600x1066-1.jpg\" title=\"\" data-rl_title=\"\" class=\"rl-gallery-link\" data-rl_caption=\"\" data-rel=\"lightbox-gallery-4\" data-magnific_type=\"gallery\"><img src=\"https:\/\/www.fonyihaz.hu\/wp-content\/uploads\/2023\/06\/Fony-szinpad-01-600x1066-1-300x169.jpg\" width=\"300\" height=\"169\" \/><\/a><\/div><div class=\"rl-gallery-item\"><a href=\"https:\/\/www.fonyihaz.hu\/wp-content\/uploads\/2023\/06\/Fony-fo-ter-01-600x1400-1.jpg\" title=\"\" data-rl_title=\"\" class=\"rl-gallery-link\" data-rl_caption=\"\" data-rel=\"lightbox-gallery-4\" data-magnific_type=\"gallery\"><img src=\"https:\/\/www.fonyihaz.hu\/wp-content\/uploads\/2023\/06\/Fony-fo-ter-01-600x1400-1-300x130.jpg\" width=\"300\" height=\"130\" \/><\/a><\/div> <\/div> <\/div><\/div>\n<\/div><\/div>\n<\/div>\n\n\n\n<div class=\"wp-block-column\">\n<p class=\"has-text-align-center has-large-font-size\"><strong>K\u00f6rny\u00e9k<\/strong><\/p>\n\n\n\n<div class=\"wp-block-cover is-light\"><span aria-hidden=\"true\" class=\"has-background-dim-0 wp-block-cover__gradient-background has-background-dim\"><\/span><img loading=\"lazy\" width=\"1035\" height=\"1362\" class=\"wp-block-cover__image-background wp-image-745\" alt=\"\" src=\"http:\/\/www.fonyihaz.hu\/wp-content\/uploads\/2023\/06\/Fonyi-alkonyat-01-1035x1362-1.jpg\" data-object-fit=\"cover\" srcset=\"https:\/\/www.fonyihaz.hu\/wp-content\/uploads\/2023\/06\/Fonyi-alkonyat-01-1035x1362-1.jpg 1035w, https:\/\/www.fonyihaz.hu\/wp-content\/uploads\/2023\/06\/Fonyi-alkonyat-01-1035x1362-1-228x300.jpg 228w, https:\/\/www.fonyihaz.hu\/wp-content\/uploads\/2023\/06\/Fonyi-alkonyat-01-1035x1362-1-778x1024.jpg 778w, https:\/\/www.fonyihaz.hu\/wp-content\/uploads\/2023\/06\/Fonyi-alkonyat-01-1035x1362-1-768x1011.jpg 768w\" sizes=\"(max-width: 1035px) 100vw, 1035px\" \/><div class=\"wp-block-cover__inner-container\">\n<p class=\"has-text-align-center has-large-font-size\"><\/p>\n<\/div><\/div>\n<\/div>\n<\/div>\n\n\n\n<p><\/p>\n\n\n\n<hr class=\"wp-block-separator\"\/>\n","protected":false},"excerpt":{"rendered":"<p>Panzi\u00f3 \u00c9tterem Udvar K\u00f6rny\u00e9k<\/p>\n","protected":false},"author":1,"featured_media":0,"parent":0,"menu_order":0,"comment_status":"closed","ping_status":"closed","template":"","meta":[],"_links":{"self":[{"href":"https:\/\/www.fonyihaz.hu\/index.php?rest_route=\/wp\/v2\/pages\/32"}],"collection":[{"href":"https:\/\/www.fonyihaz.hu\/index.php?rest_route=\/wp\/v2\/pages"}],"about":[{"href":"https:\/\/www.fonyihaz.hu\/index.php?rest_route=\/wp\/v2\/types\/page"}],"author":[{"embeddable":true,"href":"https:\/\/www.fonyihaz.hu\/index.php?rest_route=\/wp\/v2\/users\/1"}],"replies":[{"embeddable":true,"href":"https:\/\/www.fonyihaz.hu\/index.php?rest_route=%2Fwp%2Fv2%2Fcomments&post=32"}],"version-history":[{"count":14,"href":"https:\/\/www.fonyihaz.hu\/index.php?rest_route=\/wp\/v2\/pages\/32\/revisions"}],"predecessor-version":[{"id":758,"href":"https:\/\/www.fonyihaz.hu\/index.php?rest_route=\/wp\/v2\/pages\/32\/revisions\/758"}],"wp:attachment":[{"href":"https:\/\/www.fonyihaz.hu\/index.php?rest_route=%2Fwp%2Fv2%2Fmedia&parent=32"}],"curies":[{"name":"wp","href":"https:\/\/api.w.org\/{rel}","templated":true}]}}