{"id":314,"date":"2022-02-04T20:23:13","date_gmt":"2022-02-04T19:23:13","guid":{"rendered":"http:\/\/www.fonyihaz.hu\/?page_id=314"},"modified":"2022-02-07T19:55:01","modified_gmt":"2022-02-07T18:55:01","slug":"kapcsolat","status":"publish","type":"page","link":"https:\/\/www.fonyihaz.hu\/?page_id=314","title":{"rendered":"Kapcsolat"},"content":{"rendered":"\n<div class=\"wp-block-columns\">\n<div class=\"wp-block-column\" style=\"flex-basis:100%\"><\/div>\n<\/div>\n\n\n<h5><span style=\"color: #008080;\">Szieszta Vend\u00e9gh\u00e1z<\/span><br \/><span style=\"color: #008080;\">3893 Fony<\/span><br \/><span style=\"color: #008080;\">F\u0151 \u00fat 1<\/span><br \/><span style=\"color: #008080;\">Tel: 0620-9763-345; 0630-2822-907<\/span><br \/>email:\u00a0<span><a href=\"mailto:barcziautosiskola@gmail.com\" target=\"_blank\" rel=\"noopener\">barcziautosiskola@gmail.com<\/a><\/span><\/h5>\n\n\n<iframe src=\"https:\/\/www.google.com\/maps\/embed?pb=!1m18!1m12!1m3!1d2649.3982505258905!2d21.280858615750915!3d48.39129467924451!2m3!1f0!2f0!3f0!3m2!1i1024!2i768!4f13.1!3m3!1m2!1s0x473f37785fd6d3c3%3A0xcbbc79b6d7ca7934!2zRm9ueSwgRsWRIMO6dCAxLCAzODkz!5e0!3m2!1shu!2shu!4v1644003718635!5m2!1shu!2shu\" style=\"border:0;\" allowfullscreen=\"\" loading=\"lazy\" width=\"600\" height=\"450\"><\/iframe>\n","protected":false},"excerpt":{"rendered":"<p>Szieszta Vend\u00e9gh\u00e1z3893 FonyF\u0151 \u00fat 1Tel: 0620-9763-345; 0630-2822-907email:\u00a0barcziautosiskola@gmail.com<\/p>\n","protected":false},"author":1,"featured_media":0,"parent":0,"menu_order":0,"comment_status":"closed","ping_status":"closed","template":"","meta":[],"_links":{"self":[{"href":"https:\/\/www.fonyihaz.hu\/index.php?rest_route=\/wp\/v2\/pages\/314"}],"collection":[{"href":"https:\/\/www.fonyihaz.hu\/index.php?rest_route=\/wp\/v2\/pages"}],"about":[{"href":"https:\/\/www.fonyihaz.hu\/index.php?rest_route=\/wp\/v2\/types\/page"}],"author":[{"embeddable":true,"href":"https:\/\/www.fonyihaz.hu\/index.php?rest_route=\/wp\/v2\/users\/1"}],"replies":[{"embeddable":true,"href":"https:\/\/www.fonyihaz.hu\/index.php?rest_route=%2Fwp%2Fv2%2Fcomments&post=314"}],"version-history":[{"count":0,"href":"https:\/\/www.fonyihaz.hu\/index.php?rest_route=\/wp\/v2\/pages\/314\/revisions"}],"wp:attachment":[{"href":"https:\/\/www.fonyihaz.hu\/index.php?rest_route=%2Fwp%2Fv2%2Fmedia&parent=314"}],"curies":[{"name":"wp","href":"https:\/\/api.w.org\/{rel}","templated":true}]}}